{"id":1347,"date":"2024-06-27T06:00:28","date_gmt":"2024-06-27T11:00:28","guid":{"rendered":"http:\/\/www.crc-sher.qc.ca\/a-propos-du-college-regional-champlain\/reglements-politiques-et-cadres-administratifs\/"},"modified":"2026-02-02T15:58:58","modified_gmt":"2026-02-02T20:58:58","slug":"documents-de-gouvernance","status":"publish","type":"page","link":"https:\/\/www.crc-sher.qc.ca\/fr\/a-propos-du-college-regional-champlain\/documents-de-gouvernance\/","title":{"rendered":"Documents de gouvernance"},"content":{"rendered":"","protected":false},"excerpt":{"rendered":"","protected":false},"author":4,"featured_media":0,"parent":1345,"menu_order":8,"comment_status":"closed","ping_status":"closed","template":"page-template\/template-bylaws.php","meta":{"_acf_changed":false,"footnotes":""},"class_list":["post-1347","page","type-page","status-publish","hentry"],"acf":{"language_note":"Les documents officiels du C\u00e9gep r\u00e9gional Champlain ne sont disponibles qu'en anglais seulement.","sections":[{"main_title":"R\u00e8glements","childrens":[{"type":"download","title":"R\u00e8glement 1 - Administration g\u00e9n\u00e9rale du C\u00e9gep r\u00e9gional Champlain","button_text":"T\u00e9l\u00e9charger","link_or_file":"file","file_url":2014,"url":false,"childrens":null},{"type":"download","title":"R\u00e8glement 3 - Nomination, renouvellement du mandat <br> et \u00e9valuation de la direction g\u00e9n\u00e9rale et <br> de la direction des coll\u00e8ges constituants.","button_text":"T\u00e9l\u00e9charger","link_or_file":"file","file_url":3437,"url":false,"childrens":null},{"type":"download","title":"R\u00e8glement 4 -  Gestion des ressources humaines","button_text":"T\u00e9l\u00e9charger","link_or_file":"file","file_url":3440,"url":null,"childrens":[{"title":"Policy group 1.3.1","button_text":"Download","type":"url","url":false,"file_url":null},{"title":"Policy group 1.3.2","button_text":"Download","type":"url","url":"1748","file_url":1576},{"title":"Policy group 1.3.3","button_text":"Download","type":"file","url":false,"file_url":1576}]},{"type":"download","title":"R\u00e8glement 5 - Gestion financi\u00e8re du Coll\u00e8ge","button_text":"T\u00e9l\u00e9charger","link_or_file":"file","file_url":2020,"url":null,"childrens":null},{"type":"download","title":"R\u00e8glement 6 - Droits impos\u00e9s  aux \u00e9tudiantes et \u00e9tudiants","button_text":"T\u00e9l\u00e9charger","link_or_file":"file","file_url":3471,"url":null,"childrens":null},{"type":"download","title":"R\u00e8glement 7 - Admission des \u00e9tudiants dans les  programmes d\u2019\u00e9tudes","button_text":"T\u00e9l\u00e9charger","link_or_file":"file","file_url":3447,"url":null,"childrens":null},{"type":"download","title":"R\u00e8glement 8 - R\u00e9ussite des \u00e9tudiants","button_text":"T\u00e9l\u00e9charger","link_or_file":"file","file_url":2026,"url":null,"childrens":null},{"type":"download","title":"R\u00e8glement 9 - Contrats d\u2019approvisionnement de services et de travaux de construction","button_text":"T\u00e9l\u00e9charger","link_or_file":"file","file_url":2502,"url":null,"childrens":null}]},{"main_title":"Politiques","childrens":[{"type":"list","title":"Politiques d'\u00e9thique et de conduite","button_text":"Download","link_or_file":"file","file_url":null,"url":false,"childrens":[{"title":"Code d'\u00e9thique et de d\u00e9ontologie des membres du Conseil d'administration et des membres des conseils d'\u00e9tablissement","button_text":"T\u00e9l\u00e9charger","type":"file","url":false,"file_url":3451},{"title":"Politique en mati\u00e8re d'harc\u00e8lement","button_text":"T\u00e9l\u00e9charger","type":"file","url":false,"file_url":2040},{"title":"Code institutionnel de conduite des \u00e9tudiants","button_text":"T\u00e9l\u00e9charger","type":"file","url":null,"file_url":2042},{"title":"Politique contre les violences \u00e0 caract\u00e8re sexuel et notamment celle fond\u00e9e sur le genre","button_text":"T\u00e9l\u00e9charger","type":"file","url":null,"file_url":3596},{"title":"Politique de gestion des risques de corruption et de collusion <br> dans les processus de gestion des contrats","button_text":"T\u00e9l\u00e9charger","type":"file","url":null,"file_url":2046},{"title":"Politique sur les conflits d'int\u00e9r\u00eats et le n\u00e9potisme","button_text":"T\u00e9l\u00e9charger","type":"file","url":null,"file_url":3454}]},{"type":"list","title":"Politiques financi\u00e8res","button_text":"Download","link_or_file":"file","file_url":null,"url":null,"childrens":[{"title":"Politique relative aux frais de d\u00e9placement et de repr\u00e9sentation","button_text":"T\u00e9l\u00e9charger","type":"file","url":null,"file_url":2052},{"title":"Politique sur le recrutement et l'\u00e9valuation d'un cabinet de v\u00e9rification externe","button_text":"T\u00e9l\u00e9charger","type":"file","url":null,"file_url":3456},{"title":"Politique relative \u00e0 la donation","button_text":"T\u00e9l\u00e9charger","type":"file","url":null,"file_url":2504},{"title":"Politique relative aux services auxiliaires","button_text":"T\u00e9l\u00e9charger","type":"file","url":null,"file_url":2506}]},{"type":"list","title":"Politiques des ressources humaines","button_text":"T\u00e9l\u00e9charger","link_or_file":"file","file_url":null,"url":null,"childrens":[{"title":"Politique d'\u00e9valuation du personnel professionnel","button_text":"T\u00e9l\u00e9charger","type":"file","url":null,"file_url":2058},{"title":"Politique d'\u00e9valuation du personnel de soutien","button_text":"T\u00e9l\u00e9charger","type":"file","url":null,"file_url":2060},{"title":"Politique d\u2019\u00e9valuation des enseignants","button_text":"T\u00e9l\u00e9charger","type":"file","url":null,"file_url":2062},{"title":"Politique du personnel de gestion","button_text":"T\u00e9l\u00e9charger","type":"file","url":null,"file_url":2064},{"title":"Politique d'orientation et d'int\u00e9gration","button_text":"T\u00e9l\u00e9charger","type":"file","url":null,"file_url":2066},{"title":"Politique d\u2019\u00e9valuation du rendement du personnel de gestion","button_text":"T\u00e9l\u00e9charger","type":"file","url":null,"file_url":2068},{"title":"Politique de recrutement, de s\u00e9lection et d'embauche","button_text":"T\u00e9l\u00e9charger","type":"file","url":null,"file_url":2070},{"title":"Conditions de travail du personnel de soutien non syndiqu\u00e9","button_text":"T\u00e9l\u00e9charger","type":"file","url":null,"file_url":2072}]},{"type":"list","title":"Politiques des ressources informationnelles","button_text":"Download","link_or_file":"","file_url":null,"url":null,"childrens":[{"title":"Politique de s\u00e9curit\u00e9 de l'information","button_text":"T\u00e9l\u00e9charger","type":"file","url":null,"file_url":3768},{"title":"Cadre de gestion de la s\u00e9curit\u00e9 de l\u2019information ","button_text":"T\u00e9l\u00e9charger","type":"file","url":null,"file_url":3764},{"title":"Guide des bonnes pratiques en cybers\u00e9curit\u00e9 (anglais)","button_text":"T\u00e9l\u00e9charger","type":"file","url":null,"file_url":3302},{"title":"Instructions pour l'utilisation de Microsoft 365 Message Encryption","button_text":"T\u00e9l\u00e9charger","type":"file","url":null,"file_url":3310},{"title":"Instructions pour l'utilisation de OneDrive pour recevoir des documents en toute s\u00e9curit\u00e9","button_text":"T\u00e9l\u00e9charger","type":"file","url":null,"file_url":3312},{"title":"Instructions pour l'utilisation de OneDrive pour envoyer des documents en toute s\u00e9curit\u00e9","button_text":"T\u00e9l\u00e9charger","type":"file","url":null,"file_url":3314},{"title":"Directive sur le signalement des incidents de s\u00e9curit\u00e9 de l'information et la protection contre les cybermenaces","button_text":"T\u00e9l\u00e9charger","type":"file","url":null,"file_url":3774},{"title":"Instructions de d\u00e9claration d\u2019incident reli\u00e9 \u00e0 la s\u00e9curit\u00e9 de l\u2019information","button_text":"T\u00e9l\u00e9charger","type":"file","url":null,"file_url":3375},{"title":"Directive sur les services en ligne et infonuagiques","button_text":"T\u00e9l\u00e9charger","type":"file","url":null,"file_url":3762}]},{"type":"list","title":"Autres politiques","button_text":"Download","link_or_file":"","file_url":null,"url":null,"childrens":[{"title":"Politique institutionnelle contre le tabagisme","button_text":"T\u00e9l\u00e9charger","type":"file","url":null,"file_url":2076},{"title":"Politique institutionnelle de recherche","button_text":"T\u00e9l\u00e9charger","type":"file","url":null,"file_url":2078},{"title":"Politique de d\u00e9veloppement durable","button_text":"T\u00e9l\u00e9charger","type":"file","url":null,"file_url":2080},{"title":"Politique sur l'usage de la langue fran\u00e7aise","button_text":"T\u00e9l\u00e9charger","type":"file","url":null,"file_url":3546},{"title":"Directive servant de politique en mati\u00e8re de r\u00e8gles de gouvernance pour la protection des informations personnelles","button_text":"T\u00e9l\u00e9charger","type":"file","url":null,"file_url":3054}]}]},{"main_title":"Cadres normatifs","childrens":[{"type":"download","title":"Cadre normatif d'\u00e9laboration et de r\u00e9vision des r\u00e8glements et des politiques","button_text":"T\u00e9l\u00e9charger","link_or_file":"file","file_url":2084,"url":null,"childrens":[{"title":"dasdasda","button_text":"Download","type":"url","url":false,"file_url":null}]},{"type":"download","title":"Cadre normatif relatif aux conflits d'int\u00e9r\u00eats et au n\u00e9potisme pour la haute direction","button_text":"T\u00e9l\u00e9charger","link_or_file":"file","file_url":2087,"url":null,"childrens":null},{"type":"download","title":"Cadre normatif de planification du Coll\u00e8ge","button_text":"T\u00e9l\u00e9charger","link_or_file":"file","file_url":2089,"url":null,"childrens":null},{"type":"download","title":"Cadre normatif d'\u00e9laboration des ententes locales avec les syndicats","button_text":"T\u00e9l\u00e9charger","link_or_file":"file","file_url":2091,"url":null,"childrens":null},{"type":"download","title":"Cadre normatif de d\u00e9veloppement des talents en gestion","button_text":"T\u00e9l\u00e9charger","link_or_file":"file","file_url":2093,"url":null,"childrens":null},{"type":"download","title":"Cadre normatif de gestion des appareils mobiles","button_text":"T\u00e9l\u00e9charger","link_or_file":"file","file_url":2095,"url":null,"childrens":null},{"type":"download","title":"Cadre normatif de r\u00e9ception et d'examen des plaintes en vertu de la Loi <br> sur les contrats des organismes publics (LCPB)","button_text":"T\u00e9l\u00e9charger","link_or_file":"file","file_url":2099,"url":null,"childrens":null},{"type":"download","title":"Cadre normatif de respect de la gestion des contrats <br> de service d'approvisionnement et de construction","button_text":"T\u00e9l\u00e9charger","link_or_file":"file","file_url":2101,"url":null,"childrens":null},{"type":"download","title":"Cadre normatif sur les contrats de services non soumis<br>\u00e0 l\u2019autorisation du dirigeant d\u2019organisme","button_text":"T\u00e9l\u00e9charger","link_or_file":"file","file_url":3212,"url":null,"childrens":null}]},{"main_title":"Strat\u00e9gies","childrens":[{"type":"download","title":"Strat\u00e9gie de gestion des donn\u00e9es de recherche institutionnelle","button_text":"T\u00e9l\u00e9charger","link_or_file":"file","file_url":3134,"url":null,"childrens":null}]}]},"_links":{"self":[{"href":"https:\/\/www.crc-sher.qc.ca\/fr\/wp-json\/wp\/v2\/pages\/1347","targetHints":{"allow":["GET"]}}],"collection":[{"href":"https:\/\/www.crc-sher.qc.ca\/fr\/wp-json\/wp\/v2\/pages"}],"about":[{"href":"https:\/\/www.crc-sher.qc.ca\/fr\/wp-json\/wp\/v2\/types\/page"}],"author":[{"embeddable":true,"href":"https:\/\/www.crc-sher.qc.ca\/fr\/wp-json\/wp\/v2\/users\/4"}],"replies":[{"embeddable":true,"href":"https:\/\/www.crc-sher.qc.ca\/fr\/wp-json\/wp\/v2\/comments?post=1347"}],"version-history":[{"count":108,"href":"https:\/\/www.crc-sher.qc.ca\/fr\/wp-json\/wp\/v2\/pages\/1347\/revisions"}],"predecessor-version":[{"id":3778,"href":"https:\/\/www.crc-sher.qc.ca\/fr\/wp-json\/wp\/v2\/pages\/1347\/revisions\/3778"}],"up":[{"embeddable":true,"href":"https:\/\/www.crc-sher.qc.ca\/fr\/wp-json\/wp\/v2\/pages\/1345"}],"wp:attachment":[{"href":"https:\/\/www.crc-sher.qc.ca\/fr\/wp-json\/wp\/v2\/media?parent=1347"}],"curies":[{"name":"wp","href":"https:\/\/api.w.org\/{rel}","templated":true}]}}